{"id":1076,"date":"2024-07-20T16:19:54","date_gmt":"2024-07-20T16:19:54","guid":{"rendered":"https:\/\/roadrunnersclubkorsou.cw\/?page_id=1076"},"modified":"2025-02-03T06:12:56","modified_gmt":"2025-02-03T06:12:56","slug":"about-us-old","status":"publish","type":"page","link":"https:\/\/roadrunnersclubkorsou.cw\/nl\/about-us-old\/","title":{"rendered":"About Us-old"},"content":{"rendered":"<div data-elementor-type=\"wp-page\" data-elementor-id=\"1076\" class=\"elementor elementor-1076\" data-elementor-post-type=\"page\">\n\t\t\t\t<div class=\"elementor-element elementor-element-75257e13 e-flex e-con-boxed e-con e-parent\" data-id=\"75257e13\" data-element_type=\"container\" data-e-type=\"container\" data-settings=\"{&quot;background_background&quot;:&quot;classic&quot;,&quot;jet_parallax_layout_list&quot;:[]}\">\n\t\t\t\t\t<div class=\"e-con-inner\">\n\t\t<div class=\"elementor-element elementor-element-6de32e0e e-con-full e-flex e-con e-child\" data-id=\"6de32e0e\" data-element_type=\"container\" data-e-type=\"container\" data-settings=\"{&quot;jet_parallax_layout_list&quot;:[]}\">\n\t\t\t\t<div class=\"elementor-element elementor-element-288c5f35 elementor-widget elementor-widget-heading\" data-id=\"288c5f35\" data-element_type=\"widget\" data-e-type=\"widget\" data-widget_type=\"heading.default\">\n\t\t\t\t<div class=\"elementor-widget-container\">\n\t\t\t\t\t<h2 class=\"elementor-heading-title elementor-size-default\">OVER ONS<\/h2>\t\t\t\t<\/div>\n\t\t\t\t<\/div>\n\t\t\t\t<div class=\"elementor-element elementor-element-13a6610e elementor-widget elementor-widget-heading\" data-id=\"13a6610e\" data-element_type=\"widget\" data-e-type=\"widget\" data-widget_type=\"heading.default\">\n\t\t\t\t<div class=\"elementor-widget-container\">\n\t\t\t\t\t<h1 class=\"elementor-heading-title elementor-size-default\">Jouw hardloopgemeenschap, jouw huis.<\/h1>\t\t\t\t<\/div>\n\t\t\t\t<\/div>\n\t\t\t\t<div class=\"elementor-element elementor-element-79d83650 elementor-widget elementor-widget-text-editor\" data-id=\"79d83650\" data-element_type=\"widget\" data-e-type=\"widget\" data-widget_type=\"text-editor.default\">\n\t\t\t\t<div class=\"elementor-widget-container\">\n\t\t\t\t\t\t\t\t\t<p>For 43 years, Road Runners Club K\u00f2rsou has been the heart of Cura\u00e7ao&#8217;s running community, organizing walk and run races that unite participants of all ages and abilities. Dedicated to promoting fitness and camaraderie, the club continues to inspire countless individuals to embrace the joy of running on this beautiful island.<\/p>\t\t\t\t\t\t\t\t<\/div>\n\t\t\t\t<\/div>\n\t\t\t\t<\/div>\n\t\t\t\t\t<\/div>\n\t\t\t\t<\/div>\n\t\t<div class=\"elementor-element elementor-element-153c01f8 e-flex e-con-boxed e-con e-parent\" data-id=\"153c01f8\" data-element_type=\"container\" data-e-type=\"container\" data-settings=\"{&quot;jet_parallax_layout_list&quot;:[]}\">\n\t\t\t\t\t<div class=\"e-con-inner\">\n\t\t\t\t<div class=\"elementor-element elementor-element-6082ed3a elementor-widget elementor-widget-heading\" data-id=\"6082ed3a\" data-element_type=\"widget\" data-e-type=\"widget\" data-widget_type=\"heading.default\">\n\t\t\t\t<div class=\"elementor-widget-container\">\n\t\t\t\t\t<h2 class=\"elementor-heading-title elementor-size-default\">Geschiedenis van Road Runners Club K\u00f2rsou<\/h2>\t\t\t\t<\/div>\n\t\t\t\t<\/div>\n\t\t\t\t\t<\/div>\n\t\t\t\t<\/div>\n\t\t<div class=\"elementor-element elementor-element-296bd438 e-flex e-con-boxed e-con e-parent\" data-id=\"296bd438\" data-element_type=\"container\" data-e-type=\"container\" data-settings=\"{&quot;jet_parallax_layout_list&quot;:[]}\">\n\t\t\t\t\t<div class=\"e-con-inner\">\n\t\t\t\t<div class=\"elementor-element elementor-element-5957dcd4 elementor-widget elementor-widget-text-editor\" data-id=\"5957dcd4\" data-element_type=\"widget\" data-e-type=\"widget\" data-widget_type=\"text-editor.default\">\n\t\t\t\t<div class=\"elementor-widget-container\">\n\t\t\t\t\t\t\t\t\t<p>Het idee ontstond in 1979, het jaar waarin de Verenigde Naties het Internationale Jaar van het Kind uitriepen, toen Marcel van Henneigen, gymleraar aan het Peter Stuyvesant College (PSC), op het idee kwam om een \u200b\u200bhardlooprondje door het Schottegat te houden. Deze loop, genaamd de Schottegatloop, was bedoeld voor studenten maar stond ook open voor andere deelnemers. Een student van het Peter Stuyvesant College ontwierp voor de gelegenheid een logo, waarvan stickers werden gemaakt.<\/p><p>Voor de allereerste Schottegatloop stonden op zondag 17 juni 1979 vroeg in de ochtend ruim 500 deelnemers aan de start \u2013 mannen, vrouwen, jong en oud \u2013 die vooraf een gezondheidsverklaring van hun arts hadden gekregen. Bij de finish was Anthony Owers de eerste man die overstak in een tijd van 1:01:15. Nel Geerings was de eerste vrouw die finishte.<\/p><p>Na het succes van 1979 werd besloten de race jaarlijks te houden. In 1980 en 1981 werd de Schottegatloop opnieuw georganiseerd door Marcel van Henneigen met een kleine groep enthousiastelingen, waaronder Henri Lauffer, Robby Griffith, Mike Snijder, Norbert Hendrikse, Orlando Cuales en Ronald Claes.<\/p><p>Op 24 september 1981 werd bij de notaris officieel de Road Runners Club K\u00f2rsou opgericht. Het eerste bestuur bestond uit Marcel van Henneigen (voorzitter), Mike Snijder (vice-voorzitter), Henri Lauffer (secretaris), Norbert Hendrikse (commissaris) en Robby Griffith (penningmeester).<\/p><p>In het eerste jaar sloten zich ruim honderd leden aan en kwamen er nog meer hardloopevenementen bij. De tien kilometer lange Coca-Cola Run, de oudste race (sinds 1982), is altijd een populaire afstand geweest. In 2003 werd de naam veranderd in Kareda Cerilio Maduro.<\/p><p>In 1984 werd de Xerox-race toegevoegd. De kortste race, de Klipkleun (vijf kilometer), werd voor het eerst verreden in 1985. In 1988 werden de Fatum Run en Citco Run ge\u00efntroduceerd. De eerste halve marathon (21 kilometer) vond plaats op 19 december 1982 en de eerste marathon van Cura\u00e7ao werd gehouden op 13 december 1998. De Breakfast Run werd in 1987 aan de racekalender toegevoegd.<\/p><p>In 1987 begonnen de clubtrainingen. Hans en Ria Jongkind waren de eerste trainers voor RRCK. Ze hielden drie keer per week trainingssessies voor sprints, hindernissen en hardlopen op de middellange en lange afstand in het Suffisant Stadium. In 1989 begon de langeafstandstraining rond Sentro Deportivo K\u00f2rsou (SDK) en op de Koredor.<\/p><p>In de veertig jaar heeft de club acht voorzitters gehad: Marcel van Henneigen (1981-1984), Mike Snijder (1984-1996), Ronald Lieuw-Sjong (1996-1998), Stanley Marks (1998-2001), Harold Westerhof (2001-2003), Erwin Calmes (2003-2011), Marilyn Alcal\u00e1-Wall\u00e9 (2012-2014) en Gersji Rodrigues Pereira (2014-2018). Door de pandemie werd er in 2019 geen nieuwe president gekozen en werden er geen grootschalige hardloopevenementen georganiseerd.<\/p><p>The &#8220;Roadrunners&#8221; have become a tradition in Cura\u00e7ao over the years. Performance has never been the main focus; it\u2019s mostly about the camaraderie, along with a beer and soup afterward. Togetherness is the motto, and for forty years, runners and walkers alike have eagerly looked forward to the next event.<\/p>\t\t\t\t\t\t\t\t<\/div>\n\t\t\t\t<\/div>\n\t\t\t\t\t<\/div>\n\t\t\t\t<\/div>\n\t\t<div class=\"elementor-element elementor-element-59fedd91 e-flex e-con-boxed e-con e-parent\" data-id=\"59fedd91\" data-element_type=\"container\" data-e-type=\"container\" data-settings=\"{&quot;jet_parallax_layout_list&quot;:[]}\">\n\t\t\t\t\t<div class=\"e-con-inner\">\n\t\t\t\t<div class=\"elementor-element elementor-element-2951614 elementor-arrows-position-inside elementor-pagination-position-outside elementor-widget elementor-widget-image-carousel\" data-id=\"2951614\" data-element_type=\"widget\" data-e-type=\"widget\" data-settings=\"{&quot;navigation&quot;:&quot;both&quot;,&quot;autoplay&quot;:&quot;yes&quot;,&quot;pause_on_hover&quot;:&quot;yes&quot;,&quot;pause_on_interaction&quot;:&quot;yes&quot;,&quot;autoplay_speed&quot;:5000,&quot;infinite&quot;:&quot;yes&quot;,&quot;speed&quot;:500}\" data-widget_type=\"image-carousel.default\">\n\t\t\t\t<div class=\"elementor-widget-container\">\n\t\t\t\t\t\t\t<div class=\"elementor-image-carousel-wrapper swiper\" role=\"region\" aria-roledescription=\"carousel\" aria-label=\"Image Carousel\" dir=\"ltr\">\n\t\t\t<div class=\"elementor-image-carousel swiper-wrapper\" aria-live=\"off\">\n\t\t\t\t\t\t\t\t<div class=\"swiper-slide\" role=\"group\" aria-roledescription=\"slide\" aria-label=\"1 of 9\"><figure class=\"swiper-slide-inner\"><img decoding=\"async\" class=\"swiper-slide-image\" src=\"https:\/\/roadrunnersclubkorsou.cw\/wp-content\/uploads\/2024\/09\/Barrios.jpg\" alt=\"Barrios\" \/><\/figure><\/div><div class=\"swiper-slide\" role=\"group\" aria-roledescription=\"slide\" aria-label=\"2 of 9\"><figure class=\"swiper-slide-inner\"><img decoding=\"async\" class=\"swiper-slide-image\" src=\"https:\/\/roadrunnersclubkorsou.cw\/wp-content\/uploads\/2024\/09\/15626027_10154819391492505_4258271266275150551_o.jpg\" alt=\"15626027_10154819391492505_4258271266275150551_o\" \/><\/figure><\/div><div class=\"swiper-slide\" role=\"group\" aria-roledescription=\"slide\" aria-label=\"3 of 9\"><figure class=\"swiper-slide-inner\"><img decoding=\"async\" class=\"swiper-slide-image\" src=\"https:\/\/roadrunnersclubkorsou.cw\/wp-content\/uploads\/2024\/09\/1476317_10152064721077505_990621647_n.jpg\" alt=\"1476317_10152064721077505_990621647_n\" \/><\/figure><\/div><div class=\"swiper-slide\" role=\"group\" aria-roledescription=\"slide\" aria-label=\"4 of 9\"><figure class=\"swiper-slide-inner\"><img decoding=\"async\" class=\"swiper-slide-image\" src=\"https:\/\/roadrunnersclubkorsou.cw\/wp-content\/uploads\/2024\/09\/1470026_10152064710302505_108474468_n.jpg\" alt=\"1470026_10152064710302505_108474468_n\" \/><\/figure><\/div><div class=\"swiper-slide\" role=\"group\" aria-roledescription=\"slide\" aria-label=\"5 of 9\"><figure class=\"swiper-slide-inner\"><img decoding=\"async\" class=\"swiper-slide-image\" src=\"https:\/\/roadrunnersclubkorsou.cw\/wp-content\/uploads\/2024\/09\/1374719_10152064706422505_1248198184_n.jpg\" alt=\"1374719_10152064706422505_1248198184_n\" \/><\/figure><\/div><div class=\"swiper-slide\" role=\"group\" aria-roledescription=\"slide\" aria-label=\"6 of 9\"><figure class=\"swiper-slide-inner\"><img decoding=\"async\" class=\"swiper-slide-image\" src=\"https:\/\/roadrunnersclubkorsou.cw\/wp-content\/uploads\/2024\/09\/602855_10151510622652505_79434542_n.jpg\" alt=\"602855_10151510622652505_79434542_n\" \/><\/figure><\/div><div class=\"swiper-slide\" role=\"group\" aria-roledescription=\"slide\" aria-label=\"7 of 9\"><figure class=\"swiper-slide-inner\"><img decoding=\"async\" class=\"swiper-slide-image\" src=\"https:\/\/roadrunnersclubkorsou.cw\/wp-content\/uploads\/2024\/09\/483808_10151429702337505_1466974341_n.jpg\" alt=\"483808_10151429702337505_1466974341_n\" \/><\/figure><\/div><div class=\"swiper-slide\" role=\"group\" aria-roledescription=\"slide\" aria-label=\"8 of 9\"><figure class=\"swiper-slide-inner\"><img decoding=\"async\" class=\"swiper-slide-image\" src=\"https:\/\/roadrunnersclubkorsou.cw\/wp-content\/uploads\/2024\/09\/313749_10151429703452505_943085541_n.jpg\" alt=\"313749_10151429703452505_943085541_n\" \/><\/figure><\/div><div class=\"swiper-slide\" role=\"group\" aria-roledescription=\"slide\" aria-label=\"9 of 9\"><figure class=\"swiper-slide-inner\"><img decoding=\"async\" class=\"swiper-slide-image\" src=\"https:\/\/roadrunnersclubkorsou.cw\/wp-content\/uploads\/2024\/09\/209665_10150165994702505_2938594_o.jpg\" alt=\"209665_10150165994702505_2938594_o\" \/><\/figure><\/div>\t\t\t<\/div>\n\t\t\t\t\t\t\t\t\t\t\t\t<div class=\"elementor-swiper-button elementor-swiper-button-prev\" role=\"button\" tabindex=\"0\">\n\t\t\t\t\t\t<svg aria-hidden=\"true\" class=\"e-font-icon-svg e-eicon-chevron-left\" viewbox=\"0 0 1000 1000\" xmlns=\"http:\/\/www.w3.org\/2000\/svg\"><path d=\"M646 125C629 125 613 133 604 142L308 442C296 454 292 471 292 487 292 504 296 521 308 533L604 854C617 867 629 875 646 875 663 875 679 871 692 858 704 846 713 829 713 812 713 796 708 779 692 767L438 487 692 225C700 217 708 204 708 187 708 171 704 154 692 142 675 129 663 125 646 125Z\"><\/path><\/svg>\t\t\t\t\t<\/div>\n\t\t\t\t\t<div class=\"elementor-swiper-button elementor-swiper-button-next\" role=\"button\" tabindex=\"0\">\n\t\t\t\t\t\t<svg aria-hidden=\"true\" class=\"e-font-icon-svg e-eicon-chevron-right\" viewbox=\"0 0 1000 1000\" xmlns=\"http:\/\/www.w3.org\/2000\/svg\"><path d=\"M696 533C708 521 713 504 713 487 713 471 708 454 696 446L400 146C388 133 375 125 354 125 338 125 325 129 313 142 300 154 292 171 292 187 292 204 296 221 308 233L563 492 304 771C292 783 288 800 288 817 288 833 296 850 308 863 321 871 338 875 354 875 371 875 388 867 400 854L696 533Z\"><\/path><\/svg>\t\t\t\t\t<\/div>\n\t\t\t\t\n\t\t\t\t\t\t\t\t\t<div class=\"swiper-pagination\"><\/div>\n\t\t\t\t\t\t\t\t\t<\/div>\n\t\t\t\t\t\t<\/div>\n\t\t\t\t<\/div>\n\t\t\t\t\t<\/div>\n\t\t\t\t<\/div>\n\t\t\t\t<\/div>","protected":false},"excerpt":{"rendered":"<p>ABOUT US Your Running Community, Your Home. For 43 years, Road Runners Club K\u00f2rsou has been the heart of Cura\u00e7ao&#8217;s running community, organizing walk and run races that unite participants of all ages and abilities. Dedicated to promoting fitness and camaraderie, the club continues to inspire countless individuals to embrace the joy of running on [&hellip;]<\/p>","protected":false},"author":1,"featured_media":0,"parent":0,"menu_order":0,"comment_status":"closed","ping_status":"closed","template":"elementor_header_footer","meta":{"footnotes":""},"class_list":["post-1076","page","type-page","status-publish","hentry"],"yoast_head":"<!-- This site is optimized with the Yoast SEO plugin v24.4 - https:\/\/yoast.com\/wordpress\/plugins\/seo\/ -->\n<title>About Us-old - Road Runners Club K\u00f2rsou<\/title>\n<meta name=\"robots\" content=\"index, follow, max-snippet:-1, max-image-preview:large, max-video-preview:-1\" \/>\n<link rel=\"canonical\" href=\"https:\/\/roadrunnersclubkorsou.cw\/nl\/about-us-old\/\" \/>\n<meta property=\"og:locale\" content=\"nl_NL\" \/>\n<meta property=\"og:type\" content=\"article\" \/>\n<meta property=\"og:title\" content=\"About Us-old - Road Runners Club K\u00f2rsou\" \/>\n<meta property=\"og:description\" content=\"ABOUT US Your Running Community, Your Home. For 43 years, Road Runners Club K\u00f2rsou has been the heart of Cura\u00e7ao&#8217;s running community, organizing walk and run races that unite participants of all ages and abilities. Dedicated to promoting fitness and camaraderie, the club continues to inspire countless individuals to embrace the joy of running on [&hellip;]\" \/>\n<meta property=\"og:url\" content=\"https:\/\/roadrunnersclubkorsou.cw\/nl\/about-us-old\/\" \/>\n<meta property=\"og:site_name\" content=\"Road Runners Club K\u00f2rsou\" \/>\n<meta property=\"article:modified_time\" content=\"2025-02-03T06:12:56+00:00\" \/>\n<meta property=\"og:image\" content=\"https:\/\/roadrunnersclubkorsou.cw\/wp-content\/uploads\/2024\/09\/Barrios.jpg\" \/>\n<meta name=\"twitter:card\" content=\"summary_large_image\" \/>\n<meta name=\"twitter:label1\" content=\"Geschatte leestijd\" \/>\n\t<meta name=\"twitter:data1\" content=\"5 minuten\" \/>\n<script type=\"application\/ld+json\" class=\"yoast-schema-graph\">{\"@context\":\"https:\/\/schema.org\",\"@graph\":[{\"@type\":\"WebPage\",\"@id\":\"https:\/\/roadrunnersclubkorsou.cw\/about-us-old\/\",\"url\":\"https:\/\/roadrunnersclubkorsou.cw\/about-us-old\/\",\"name\":\"About Us-old - Road Runners Club K\u00f2rsou\",\"isPartOf\":{\"@id\":\"https:\/\/roadrunnersclubkorsou.cw\/#website\"},\"primaryImageOfPage\":{\"@id\":\"https:\/\/roadrunnersclubkorsou.cw\/about-us-old\/#primaryimage\"},\"image\":{\"@id\":\"https:\/\/roadrunnersclubkorsou.cw\/about-us-old\/#primaryimage\"},\"thumbnailUrl\":\"https:\/\/roadrunnersclubkorsou.cw\/wp-content\/uploads\/2024\/09\/Barrios.jpg\",\"datePublished\":\"2024-07-20T16:19:54+00:00\",\"dateModified\":\"2025-02-03T06:12:56+00:00\",\"breadcrumb\":{\"@id\":\"https:\/\/roadrunnersclubkorsou.cw\/about-us-old\/#breadcrumb\"},\"inLanguage\":\"nl-NL\",\"potentialAction\":[{\"@type\":\"ReadAction\",\"target\":[\"https:\/\/roadrunnersclubkorsou.cw\/about-us-old\/\"]}]},{\"@type\":\"ImageObject\",\"inLanguage\":\"nl-NL\",\"@id\":\"https:\/\/roadrunnersclubkorsou.cw\/about-us-old\/#primaryimage\",\"url\":\"https:\/\/roadrunnersclubkorsou.cw\/wp-content\/uploads\/2024\/09\/Barrios.jpg\",\"contentUrl\":\"https:\/\/roadrunnersclubkorsou.cw\/wp-content\/uploads\/2024\/09\/Barrios.jpg\"},{\"@type\":\"BreadcrumbList\",\"@id\":\"https:\/\/roadrunnersclubkorsou.cw\/about-us-old\/#breadcrumb\",\"itemListElement\":[{\"@type\":\"ListItem\",\"position\":1,\"name\":\"Home\",\"item\":\"https:\/\/roadrunnersclubkorsou.cw\/\"},{\"@type\":\"ListItem\",\"position\":2,\"name\":\"About Us-old\"}]},{\"@type\":\"WebSite\",\"@id\":\"https:\/\/roadrunnersclubkorsou.cw\/#website\",\"url\":\"https:\/\/roadrunnersclubkorsou.cw\/\",\"name\":\"Road Runners Club K\u00f2rsou\",\"description\":\"\",\"publisher\":{\"@id\":\"https:\/\/roadrunnersclubkorsou.cw\/#organization\"},\"potentialAction\":[{\"@type\":\"SearchAction\",\"target\":{\"@type\":\"EntryPoint\",\"urlTemplate\":\"https:\/\/roadrunnersclubkorsou.cw\/?s={search_term_string}\"},\"query-input\":{\"@type\":\"PropertyValueSpecification\",\"valueRequired\":true,\"valueName\":\"search_term_string\"}}],\"inLanguage\":\"nl-NL\"},{\"@type\":\"Organization\",\"@id\":\"https:\/\/roadrunnersclubkorsou.cw\/#organization\",\"name\":\"Road Runners Club K\u00f2rsou\",\"url\":\"https:\/\/roadrunnersclubkorsou.cw\/\",\"logo\":{\"@type\":\"ImageObject\",\"inLanguage\":\"nl-NL\",\"@id\":\"https:\/\/roadrunnersclubkorsou.cw\/#\/schema\/logo\/image\/\",\"url\":\"https:\/\/roadrunnersclubkorsou.cw\/wp-content\/uploads\/2024\/11\/Logo-RRCK-4-website-01-01-1-e1738463045169.png\",\"contentUrl\":\"https:\/\/roadrunnersclubkorsou.cw\/wp-content\/uploads\/2024\/11\/Logo-RRCK-4-website-01-01-1-e1738463045169.png\",\"width\":870,\"height\":867,\"caption\":\"Road Runners Club K\u00f2rsou\"},\"image\":{\"@id\":\"https:\/\/roadrunnersclubkorsou.cw\/#\/schema\/logo\/image\/\"}}]}<\/script>\n<!-- \/ Yoast SEO plugin. -->","yoast_head_json":{"title":"About Us-old - Road Runners Club K\u00f2rsou","robots":{"index":"index","follow":"follow","max-snippet":"max-snippet:-1","max-image-preview":"max-image-preview:large","max-video-preview":"max-video-preview:-1"},"canonical":"https:\/\/roadrunnersclubkorsou.cw\/nl\/about-us-old\/","og_locale":"nl_NL","og_type":"article","og_title":"About Us-old - Road Runners Club K\u00f2rsou","og_description":"ABOUT US Your Running Community, Your Home. For 43 years, Road Runners Club K\u00f2rsou has been the heart of Cura\u00e7ao&#8217;s running community, organizing walk and run races that unite participants of all ages and abilities. Dedicated to promoting fitness and camaraderie, the club continues to inspire countless individuals to embrace the joy of running on [&hellip;]","og_url":"https:\/\/roadrunnersclubkorsou.cw\/nl\/about-us-old\/","og_site_name":"Road Runners Club K\u00f2rsou","article_modified_time":"2025-02-03T06:12:56+00:00","og_image":[{"url":"https:\/\/roadrunnersclubkorsou.cw\/wp-content\/uploads\/2024\/09\/Barrios.jpg","type":"","width":"","height":""}],"twitter_card":"summary_large_image","twitter_misc":{"Geschatte leestijd":"5 minuten"},"schema":{"@context":"https:\/\/schema.org","@graph":[{"@type":"WebPage","@id":"https:\/\/roadrunnersclubkorsou.cw\/about-us-old\/","url":"https:\/\/roadrunnersclubkorsou.cw\/about-us-old\/","name":"About Us-old - Road Runners Club K\u00f2rsou","isPartOf":{"@id":"https:\/\/roadrunnersclubkorsou.cw\/#website"},"primaryImageOfPage":{"@id":"https:\/\/roadrunnersclubkorsou.cw\/about-us-old\/#primaryimage"},"image":{"@id":"https:\/\/roadrunnersclubkorsou.cw\/about-us-old\/#primaryimage"},"thumbnailUrl":"https:\/\/roadrunnersclubkorsou.cw\/wp-content\/uploads\/2024\/09\/Barrios.jpg","datePublished":"2024-07-20T16:19:54+00:00","dateModified":"2025-02-03T06:12:56+00:00","breadcrumb":{"@id":"https:\/\/roadrunnersclubkorsou.cw\/about-us-old\/#breadcrumb"},"inLanguage":"nl-NL","potentialAction":[{"@type":"ReadAction","target":["https:\/\/roadrunnersclubkorsou.cw\/about-us-old\/"]}]},{"@type":"ImageObject","inLanguage":"nl-NL","@id":"https:\/\/roadrunnersclubkorsou.cw\/about-us-old\/#primaryimage","url":"https:\/\/roadrunnersclubkorsou.cw\/wp-content\/uploads\/2024\/09\/Barrios.jpg","contentUrl":"https:\/\/roadrunnersclubkorsou.cw\/wp-content\/uploads\/2024\/09\/Barrios.jpg"},{"@type":"BreadcrumbList","@id":"https:\/\/roadrunnersclubkorsou.cw\/about-us-old\/#breadcrumb","itemListElement":[{"@type":"ListItem","position":1,"name":"Home","item":"https:\/\/roadrunnersclubkorsou.cw\/"},{"@type":"ListItem","position":2,"name":"About Us-old"}]},{"@type":"WebSite","@id":"https:\/\/roadrunnersclubkorsou.cw\/#website","url":"https:\/\/roadrunnersclubkorsou.cw\/","name":"Road Runners Club K\u00f2rsou","description":"","publisher":{"@id":"https:\/\/roadrunnersclubkorsou.cw\/#organization"},"potentialAction":[{"@type":"SearchAction","target":{"@type":"EntryPoint","urlTemplate":"https:\/\/roadrunnersclubkorsou.cw\/?s={search_term_string}"},"query-input":{"@type":"PropertyValueSpecification","valueRequired":true,"valueName":"search_term_string"}}],"inLanguage":"nl-NL"},{"@type":"Organization","@id":"https:\/\/roadrunnersclubkorsou.cw\/#organization","name":"Road Runners Club K\u00f2rsou","url":"https:\/\/roadrunnersclubkorsou.cw\/","logo":{"@type":"ImageObject","inLanguage":"nl-NL","@id":"https:\/\/roadrunnersclubkorsou.cw\/#\/schema\/logo\/image\/","url":"https:\/\/roadrunnersclubkorsou.cw\/wp-content\/uploads\/2024\/11\/Logo-RRCK-4-website-01-01-1-e1738463045169.png","contentUrl":"https:\/\/roadrunnersclubkorsou.cw\/wp-content\/uploads\/2024\/11\/Logo-RRCK-4-website-01-01-1-e1738463045169.png","width":870,"height":867,"caption":"Road Runners Club K\u00f2rsou"},"image":{"@id":"https:\/\/roadrunnersclubkorsou.cw\/#\/schema\/logo\/image\/"}}]}},"_links":{"self":[{"href":"https:\/\/roadrunnersclubkorsou.cw\/nl\/wp-json\/wp\/v2\/pages\/1076","targetHints":{"allow":["GET"]}}],"collection":[{"href":"https:\/\/roadrunnersclubkorsou.cw\/nl\/wp-json\/wp\/v2\/pages"}],"about":[{"href":"https:\/\/roadrunnersclubkorsou.cw\/nl\/wp-json\/wp\/v2\/types\/page"}],"author":[{"embeddable":true,"href":"https:\/\/roadrunnersclubkorsou.cw\/nl\/wp-json\/wp\/v2\/users\/1"}],"replies":[{"embeddable":true,"href":"https:\/\/roadrunnersclubkorsou.cw\/nl\/wp-json\/wp\/v2\/comments?post=1076"}],"version-history":[{"count":35,"href":"https:\/\/roadrunnersclubkorsou.cw\/nl\/wp-json\/wp\/v2\/pages\/1076\/revisions"}],"predecessor-version":[{"id":1548,"href":"https:\/\/roadrunnersclubkorsou.cw\/nl\/wp-json\/wp\/v2\/pages\/1076\/revisions\/1548"}],"wp:attachment":[{"href":"https:\/\/roadrunnersclubkorsou.cw\/nl\/wp-json\/wp\/v2\/media?parent=1076"}],"curies":[{"name":"wp","href":"https:\/\/api.w.org\/{rel}","templated":true}]}}