{"id":2501,"date":"2025-02-09T12:33:18","date_gmt":"2025-02-09T12:33:18","guid":{"rendered":"https:\/\/roadrunnersclubkorsou.cw\/?page_id=2501"},"modified":"2025-02-19T16:19:27","modified_gmt":"2025-02-19T16:19:27","slug":"sponsorship-form","status":"publish","type":"page","link":"https:\/\/roadrunnersclubkorsou.cw\/nl\/sponsorship-form\/","title":{"rendered":"Sponsorformulier"},"content":{"rendered":"<div data-elementor-type=\"wp-page\" data-elementor-id=\"2501\" class=\"elementor elementor-2501\" data-elementor-post-type=\"page\">\n\t\t\t\t<div class=\"elementor-element elementor-element-8d231cb e-con-full e-flex e-con e-parent\" data-id=\"8d231cb\" data-element_type=\"container\" data-settings=\"{&quot;background_background&quot;:&quot;classic&quot;,&quot;jet_parallax_layout_list&quot;:[]}\">\n\t\t<div class=\"elementor-element elementor-element-e5419d2 e-con-full e-flex e-con e-child\" data-id=\"e5419d2\" data-element_type=\"container\" data-settings=\"{&quot;jet_parallax_layout_list&quot;:[]}\">\n\t\t\t\t<div class=\"elementor-element elementor-element-c5077f1 elementor-widget elementor-widget-heading\" data-id=\"c5077f1\" data-element_type=\"widget\" data-widget_type=\"heading.default\">\n\t\t\t\t<div class=\"elementor-widget-container\">\n\t\t\t\t\t<h2 class=\"elementor-heading-title elementor-size-default\">Become a Sponsor<\/h2>\t\t\t\t<\/div>\n\t\t\t\t<\/div>\n\t\t\t\t<div class=\"elementor-element elementor-element-d47e84f elementor-widget elementor-widget-text-editor\" data-id=\"d47e84f\" data-element_type=\"widget\" data-widget_type=\"text-editor.default\">\n\t\t\t\t<div class=\"elementor-widget-container\">\n\t\t\t\t\t\t\t\t\t<p>Vrijwilligerswerk bij Road Runners Club K\u00f2rsou.<\/p>\t\t\t\t\t\t\t\t<\/div>\n\t\t\t\t<\/div>\n\t\t\t\t<\/div>\n\t\t\t\t<\/div>\n\t\t<div class=\"elementor-element elementor-element-6c74ba0 e-flex e-con-boxed e-con e-parent\" data-id=\"6c74ba0\" data-element_type=\"container\" data-settings=\"{&quot;jet_parallax_layout_list&quot;:[]}\">\n\t\t\t\t\t<div class=\"e-con-inner\">\n\t\t<div class=\"elementor-element elementor-element-2b4b642 e-con-full e-flex e-con e-child\" data-id=\"2b4b642\" data-element_type=\"container\" data-settings=\"{&quot;jet_parallax_layout_list&quot;:[]}\">\n\t\t\t\t<div class=\"elementor-element elementor-element-c058de4 elementor-widget elementor-widget-text-editor\" data-id=\"c058de4\" data-element_type=\"widget\" data-widget_type=\"text-editor.default\">\n\t\t\t\t<div class=\"elementor-widget-container\">\n\t\t\t\t\t\t\t\t\t<p class=\"translation-block\">Samenwerken met Road Runners Club K\u00f2rsou is een fantastische manier om uw merk te promoten en tegelijkertijd gezondheid, fitness en betrokkenheid bij de gemeenschap te ondersteunen. Onze sponsors spelen een cruciale rol bij het tot een succes maken van onze races, evenementen en programma\u2019s. Als sponsor krijgt u niet alleen zichtbaarheid, maar wordt u ook een belangrijke ondersteuner van onze missie om hardlopen en fitness op Cura\u00e7ao te promoten.<br><br>We bieden verschillende sponsormogelijkheden met verschillende niveaus en voordelen om aan uw zakelijke behoeften te voldoen. Of u nu ge\u00efnteresseerd bent in het sponsoren van een specifieke race, het ondersteunen van onze jeugdprogramma's of het worden van een algemene clubsponsor, wij werken graag met u samen!<\/p>\t\t\t\t\t\t\t\t<\/div>\n\t\t\t\t<\/div>\n\t\t\t\t<div class=\"elementor-element elementor-element-82749c9 elementor-widget elementor-widget-text-editor\" data-id=\"82749c9\" data-element_type=\"widget\" data-widget_type=\"text-editor.default\">\n\t\t\t\t<div class=\"elementor-widget-container\">\n\t\t\t\t\t\t\t\t\tSponsormogelijkheden:\t\t\t\t\t\t\t\t<\/div>\n\t\t\t\t<\/div>\n\t\t\t\t<div class=\"elementor-element elementor-element-a161c8b elementor-widget elementor-widget-text-editor\" data-id=\"a161c8b\" data-element_type=\"widget\" data-widget_type=\"text-editor.default\">\n\t\t\t\t<div class=\"elementor-widget-container\">\n\t\t\t\t\t\t\t\t\t<ul><li><strong>Racesponsoring:<\/strong> Align your brand with a specific race or event.<\/li><li><strong>Sponsoring jeugdprogramma:<\/strong> Ondersteun de ontwikkeling van jonge hardlopers via onze educatieve en trainingsinitiatieven.<\/li><li><strong>Algemene clubsponsoring:<\/strong> Draag bij aan het voortdurende succes van de clubprogramma's gedurende het hele jaar.<\/li><\/ul>\t\t\t\t\t\t\t\t<\/div>\n\t\t\t\t<\/div>\n\t\t\t\t<div class=\"elementor-element elementor-element-1845dd4 elementor-widget elementor-widget-text-editor\" data-id=\"1845dd4\" data-element_type=\"widget\" data-widget_type=\"text-editor.default\">\n\t\t\t\t<div class=\"elementor-widget-container\">\n\t\t\t\t\t\t\t\t\tSponsorvoordelen:\t\t\t\t\t\t\t\t<\/div>\n\t\t\t\t<\/div>\n\t\t\t\t<div class=\"elementor-element elementor-element-64e672b elementor-widget elementor-widget-text-editor\" data-id=\"64e672b\" data-element_type=\"widget\" data-widget_type=\"text-editor.default\">\n\t\t\t\t<div class=\"elementor-widget-container\">\n\t\t\t\t\t\t\t\t\t<ul><li>Merkzichtbaarheid op de racedag (banners, shirts, shoutouts op sociale media)<\/li><li>Erkenning in evenementenmateriaal (racebrochures, flyers, websites)<\/li><li>Mogelijkheden om in contact te komen met racedeelnemers en vrijwilligers<\/li><li>Toegang tot exclusieve promotiemogelijkheden (bijvoorbeeld uw logo op race-T-shirts, stands op evenementen)<\/li><\/ul>\t\t\t\t\t\t\t\t<\/div>\n\t\t\t\t<\/div>\n\t\t\t\t<div class=\"elementor-element elementor-element-14852ee elementor-widget elementor-widget-text-editor\" data-id=\"14852ee\" data-element_type=\"widget\" data-widget_type=\"text-editor.default\">\n\t\t\t\t<div class=\"elementor-widget-container\">\n\t\t\t\t\t\t\t\t\tInteresse om sponsor te worden?\t\t\t\t\t\t\t\t<\/div>\n\t\t\t\t<\/div>\n\t\t\t\t<div class=\"elementor-element elementor-element-50246b0 elementor-widget elementor-widget-heading\" data-id=\"50246b0\" data-element_type=\"widget\" data-widget_type=\"heading.default\">\n\t\t\t\t<div class=\"elementor-widget-container\">\n\t\t\t\t\t<h2 class=\"elementor-heading-title elementor-size-default\">Sponsorformulier<\/h2>\t\t\t\t<\/div>\n\t\t\t\t<\/div>\n\t\t\t\t<div class=\"elementor-element elementor-element-023cc0f elementor-widget elementor-widget-text-editor\" data-id=\"023cc0f\" data-element_type=\"widget\" data-widget_type=\"text-editor.default\">\n\t\t\t\t<div class=\"elementor-widget-container\">\n\t\t\t\t\t\t\t\t\t<p>Vul het onderstaande formulier in om uw sponsorinteresse kenbaar te maken of neem contact met ons op voor meer informatie.<\/p>\t\t\t\t\t\t\t\t<\/div>\n\t\t\t\t<\/div>\n\t\t\t\t<div class=\"elementor-element elementor-element-7fffd5e elementor-button-align-start elementor-widget elementor-widget-form\" data-id=\"7fffd5e\" data-element_type=\"widget\" data-settings=\"{&quot;step_next_label&quot;:&quot;Next&quot;,&quot;step_previous_label&quot;:&quot;Previous&quot;,&quot;button_width&quot;:&quot;100&quot;,&quot;step_type&quot;:&quot;number_text&quot;,&quot;step_icon_shape&quot;:&quot;circle&quot;}\" data-widget_type=\"form.default\">\n\t\t\t\t<div class=\"elementor-widget-container\">\n\t\t\t\t\t<textarea class=\"cfef_logic_data_js cfef-hidden\"><\/textarea>\t\t<form class=\"elementor-form\" method=\"post\" name=\"Sponsorship  Form\" action=\"\">\n\t\t\t<input type=\"hidden\" name=\"post_id\" value=\"2501\"\/>\n\t\t\t<input type=\"hidden\" name=\"form_id\" value=\"7fffd5e\"\/>\n\t\t\t<input type=\"hidden\" name=\"referer_title\" value=\"Sponsorship Form - Road Runners Club K\u00f2rsou\" \/>\n\n\t\t\t\t\t\t\t<input type=\"hidden\" name=\"queried_id\" value=\"2501\"\/>\n\t\t\t\n\t\t\t<div class=\"elementor-form-fields-wrapper elementor-labels-\">\n\t\t\t\t\t\t\t\t<div class=\"elementor-field-type-text elementor-field-group elementor-column elementor-field-group-name elementor-col-100 elementor-field-required\">\n\t\t\t\t\t\t\t\t\t\t\t\t<label for=\"form-field-name\" class=\"elementor-field-label elementor-screen-only\">\n\t\t\t\t\t\t\t\tNaam bedrijf\/organisatie \t\t\t\t\t\t\t<\/label>\n\t\t\t\t\t\t\t\t\t\t\t\t\t\t<input size=\"1\" type=\"text\" name=\"form_fields[name]\" id=\"form-field-name\" class=\"elementor-field elementor-size-sm  elementor-field-textual\" placeholder=\"Naam bedrijf\/organisatie \" required=\"required\">\n\t\t\t\t\t\t\t\t\t\t\t<\/div>\n\t\t\t\t\t\t\t\t<div class=\"elementor-field-type-text elementor-field-group elementor-column elementor-field-group-field_f410032 elementor-col-100 elementor-field-required\">\n\t\t\t\t\t\t\t\t\t\t\t\t<label for=\"form-field-field_f410032\" class=\"elementor-field-label elementor-screen-only\">\n\t\t\t\t\t\t\t\tNaam contactpersoon \t\t\t\t\t\t\t<\/label>\n\t\t\t\t\t\t\t\t\t\t\t\t\t\t<input size=\"1\" type=\"text\" name=\"form_fields[field_f410032]\" id=\"form-field-field_f410032\" class=\"elementor-field elementor-size-sm  elementor-field-textual\" placeholder=\"Naam contactpersoon \" required=\"required\">\n\t\t\t\t\t\t\t\t\t\t\t<\/div>\n\t\t\t\t\t\t\t\t<div class=\"elementor-field-type-email elementor-field-group elementor-column elementor-field-group-email elementor-col-100 elementor-field-required\">\n\t\t\t\t\t\t\t\t\t\t\t\t<label for=\"form-field-email\" class=\"elementor-field-label elementor-screen-only\">\n\t\t\t\t\t\t\t\tE-mailadres\t\t\t\t\t\t\t<\/label>\n\t\t\t\t\t\t\t\t\t\t\t\t\t\t<input size=\"1\" type=\"email\" name=\"form_fields[email]\" id=\"form-field-email\" class=\"elementor-field elementor-size-sm  elementor-field-textual\" placeholder=\"E-mailadres \" required=\"required\">\n\t\t\t\t\t\t\t\t\t\t\t<\/div>\n\t\t\t\t\t\t\t\t<div class=\"elementor-field-type-tel elementor-field-group elementor-column elementor-field-group-field_6ad5f82 elementor-col-100 elementor-field-required\">\n\t\t\t\t\t\t\t\t\t\t\t\t<label for=\"form-field-field_6ad5f82\" class=\"elementor-field-label elementor-screen-only\">\n\t\t\t\t\t\t\t\tTelefoonnummer voor noodgevallen \t\t\t\t\t\t\t<\/label>\n\t\t\t\t\t\t\t\t<input size=\"1\" type=\"tel\" name=\"form_fields[field_6ad5f82]\" id=\"form-field-field_6ad5f82\" class=\"elementor-field elementor-size-sm  elementor-field-textual\" placeholder=\"Telefoonnummer voor noodgevallen \" required=\"required\" pattern=\"[0-9()#&amp;+*-=.]+\" title=\"Telefoonnummer\">\n\n\t\t\t\t\t\t<\/div>\n\t\t\t\t\t\t\t\t<div class=\"elementor-field-type-select elementor-field-group elementor-column elementor-field-group-field_fe2562c elementor-col-100 elementor-field-required\">\n\t\t\t\t\t\t\t\t\t\t\t\t<label for=\"form-field-field_fe2562c\" class=\"elementor-field-label elementor-screen-only\">\n\t\t\t\t\t\t\t\tType of Sponsorship Interest \t\t\t\t\t\t\t<\/label>\n\t\t\t\t\t\t\t\t<div class=\"elementor-field elementor-select-wrapper remove-before\">\n\t\t\t<div class=\"select-caret-down-wrapper\">\n\t\t\t\t<svg aria-hidden=\"true\" class=\"e-font-icon-svg e-eicon-caret-down\" viewbox=\"0 0 571.4 571.4\" xmlns=\"http:\/\/www.w3.org\/2000\/svg\"><path d=\"M571 393Q571 407 561 418L311 668Q300 679 286 679T261 668L11 418Q0 407 0 393T11 368 36 357H536Q550 357 561 368T571 393Z\"><\/path><\/svg>\t\t\t<\/div>\n\t\t\t<select name=\"form_fields[field_fe2562c]\" id=\"form-field-field_fe2562c\" class=\"elementor-field-textual elementor-size-sm\" required=\"required\">\n\t\t\t\t\t\t\t\t\t<option value=\"\">Type of Sponsorship Interest  <\/option>\n\t\t\t\t\t\t\t\t\t<option value=\" Event Sponsorship\">Event Sponsorship <\/option>\n\t\t\t\t\t\t\t\t\t<option value=\" Club Sponsorship\">Club Sponsorship <\/option>\n\t\t\t\t\t\t\t\t\t<option value=\" Other\">Other <\/option>\n\t\t\t\t\t\t\t<\/select>\n\t\t<\/div>\n\t\t\t\t\t\t<\/div>\n\t\t\t\t\t\t\t\t<div class=\"elementor-field-type-text elementor-field-group elementor-column elementor-field-group-field_41e64be elementor-col-100 elementor-field-required\">\n\t\t\t\t\t\t\t\t\t\t\t\t<label for=\"form-field-field_41e64be\" class=\"elementor-field-label elementor-screen-only\">\n\t\t\t\t\t\t\t\tBudgetbereik \t\t\t\t\t\t\t<\/label>\n\t\t\t\t\t\t\t\t\t\t\t\t\t\t<input size=\"1\" type=\"text\" name=\"form_fields[field_41e64be]\" id=\"form-field-field_41e64be\" class=\"elementor-field elementor-size-sm  elementor-field-textual\" placeholder=\"Budgetbereik \" required=\"required\">\n\t\t\t\t\t\t\t\t\t\t\t<\/div>\n\t\t\t\t\t\t\t\t<div class=\"elementor-field-type-textarea elementor-field-group elementor-column elementor-field-group-message elementor-col-100\">\n\t\t\t\t\t\t\t\t\t\t\t\t<label for=\"form-field-message\" class=\"elementor-field-label elementor-screen-only\">\n\t\t\t\t\t\t\t\tAanvullende opmerkingen \t\t\t\t\t\t\t<\/label>\n\t\t\t\t\t\t<textarea class=\"elementor-field-textual elementor-field  elementor-size-sm\" name=\"form_fields[message]\" id=\"form-field-message\" rows=\"4\" placeholder=\"Aanvullende opmerkingen \"><\/textarea>\t\t\t\t<\/div>\n\t\t\t\t\t\t\t\t<div class=\"elementor-field-type-acceptance elementor-field-group elementor-column elementor-field-group-field_a9bb7ae elementor-col-100 elementor-field-required\">\n\t\t\t\t\t\t\t\t\t\t\t\t<label for=\"form-field-field_a9bb7ae\" class=\"elementor-field-label elementor-screen-only\">\n\t\t\t\t\t\t\t\tI understand and agree to provide the necessary materials for sponsorship benefits.\t\t\t\t\t\t\t<\/label>\n\t\t\t\t\t\t\t\t<div class=\"elementor-field-subgroup\">\n\t\t\t<span class=\"elementor-field-option\">\n\t\t\t\t<input type=\"checkbox\" name=\"form_fields[field_a9bb7ae]\" id=\"form-field-field_a9bb7ae\" class=\"elementor-field elementor-size-sm  elementor-acceptance-field\" required=\"required\">\n\t\t\t\t<label for=\"form-field-field_a9bb7ae\">Ik begrijp het en ga ermee akkoord om de benodigde materialen te verstrekken <a href=\"https:\/\/roadrunnersclubkorsou.cw\/wp-content\/uploads\/2025\/02\/Algemene-Voorwaarden-voor-Sponsoren-RRCK.pdf\" target=\"blank_\">sponsorship benefits<\/a>.<\/label>\t\t\t<\/span>\n\t\t<\/div>\n\t\t\t\t\t\t<\/div>\n\t\t\t\t\t\t\t\t<div class=\"elementor-field-group elementor-column elementor-field-type-submit elementor-col-100 e-form__buttons\">\n\t\t\t\t\t<button class=\"elementor-button elementor-size-sm\" type=\"submit\">\n\t\t\t\t\t\t<span class=\"elementor-button-content-wrapper\">\n\t\t\t\t\t\t\t\t\t\t\t\t\t\t\t\t\t\t\t\t\t\t<span class=\"elementor-button-text\">NU INDIENEN<\/span>\n\t\t\t\t\t\t\t\t\t\t\t\t\t<\/span>\n\t\t\t\t\t<\/button>\n\t\t\t\t<\/div>\n\t\t\t<\/div>\n\t\t<input type=\"hidden\" name=\"trp-form-language\" value=\"nl\"\/><\/form>\n\t\t\t\t\t\t<\/div>\n\t\t\t\t<\/div>\n\t\t\t\t<div class=\"elementor-element elementor-element-a81dcb0 elementor-widget elementor-widget-text-editor\" data-id=\"a81dcb0\" data-element_type=\"widget\" data-widget_type=\"text-editor.default\">\n\t\t\t\t<div class=\"elementor-widget-container\">\n\t\t\t\t\t\t\t\t\t<p>We kijken ernaar uit om een \u200b\u200bduurzaam partnerschap op te bouwen en samen een positieve impact te maken op de gemeenschap!<\/p>\t\t\t\t\t\t\t\t<\/div>\n\t\t\t\t<\/div>\n\t\t\t\t<\/div>\n\t\t\t\t\t<\/div>\n\t\t\t\t<\/div>\n\t\t\t\t<\/div>","protected":false},"excerpt":{"rendered":"<p>Become a Sponsor Volunteering with Road Runners Club K\u00f2rsou. Partnering with Road Runners Club K\u00f2rsou is a fantastic way to promote your brand while supporting health, fitness, and community involvement. Our sponsors play a crucial role in making our races, events, and programs a success. As a sponsor, you\u2019ll not only gain visibility but also [&hellip;]<\/p>","protected":false},"author":2,"featured_media":0,"parent":0,"menu_order":0,"comment_status":"closed","ping_status":"closed","template":"","meta":{"footnotes":""},"class_list":["post-2501","page","type-page","status-publish","hentry"],"yoast_head":"<!-- This site is optimized with the Yoast SEO plugin v24.4 - https:\/\/yoast.com\/wordpress\/plugins\/seo\/ -->\n<title>Sponsorship Form - Road Runners Club K\u00f2rsou<\/title>\n<meta name=\"robots\" content=\"index, follow, max-snippet:-1, max-image-preview:large, max-video-preview:-1\" \/>\n<link rel=\"canonical\" href=\"https:\/\/roadrunnersclubkorsou.cw\/nl\/sponsorship-form\/\" \/>\n<meta property=\"og:locale\" content=\"nl_NL\" \/>\n<meta property=\"og:type\" content=\"article\" \/>\n<meta property=\"og:title\" content=\"Sponsorship Form - Road Runners Club K\u00f2rsou\" \/>\n<meta property=\"og:description\" content=\"Become a Sponsor Volunteering with Road Runners Club K\u00f2rsou. Partnering with Road Runners Club K\u00f2rsou is a fantastic way to promote your brand while supporting health, fitness, and community involvement. Our sponsors play a crucial role in making our races, events, and programs a success. As a sponsor, you\u2019ll not only gain visibility but also [&hellip;]\" \/>\n<meta property=\"og:url\" content=\"https:\/\/roadrunnersclubkorsou.cw\/nl\/sponsorship-form\/\" \/>\n<meta property=\"og:site_name\" content=\"Road Runners Club K\u00f2rsou\" \/>\n<meta property=\"article:modified_time\" content=\"2025-02-19T16:19:27+00:00\" \/>\n<meta name=\"twitter:card\" content=\"summary_large_image\" \/>\n<meta name=\"twitter:label1\" content=\"Geschatte leestijd\" \/>\n\t<meta name=\"twitter:data1\" content=\"2 minuten\" \/>\n<script type=\"application\/ld+json\" class=\"yoast-schema-graph\">{\"@context\":\"https:\/\/schema.org\",\"@graph\":[{\"@type\":\"WebPage\",\"@id\":\"https:\/\/roadrunnersclubkorsou.cw\/sponsorship-form\/\",\"url\":\"https:\/\/roadrunnersclubkorsou.cw\/sponsorship-form\/\",\"name\":\"Sponsorship Form - Road Runners Club K\u00f2rsou\",\"isPartOf\":{\"@id\":\"https:\/\/roadrunnersclubkorsou.cw\/#website\"},\"datePublished\":\"2025-02-09T12:33:18+00:00\",\"dateModified\":\"2025-02-19T16:19:27+00:00\",\"breadcrumb\":{\"@id\":\"https:\/\/roadrunnersclubkorsou.cw\/sponsorship-form\/#breadcrumb\"},\"inLanguage\":\"nl-NL\",\"potentialAction\":[{\"@type\":\"ReadAction\",\"target\":[\"https:\/\/roadrunnersclubkorsou.cw\/sponsorship-form\/\"]}]},{\"@type\":\"BreadcrumbList\",\"@id\":\"https:\/\/roadrunnersclubkorsou.cw\/sponsorship-form\/#breadcrumb\",\"itemListElement\":[{\"@type\":\"ListItem\",\"position\":1,\"name\":\"Home\",\"item\":\"https:\/\/roadrunnersclubkorsou.cw\/\"},{\"@type\":\"ListItem\",\"position\":2,\"name\":\"Sponsorship Form\"}]},{\"@type\":\"WebSite\",\"@id\":\"https:\/\/roadrunnersclubkorsou.cw\/#website\",\"url\":\"https:\/\/roadrunnersclubkorsou.cw\/\",\"name\":\"Road Runners Club K\u00f2rsou\",\"description\":\"\",\"publisher\":{\"@id\":\"https:\/\/roadrunnersclubkorsou.cw\/#organization\"},\"potentialAction\":[{\"@type\":\"SearchAction\",\"target\":{\"@type\":\"EntryPoint\",\"urlTemplate\":\"https:\/\/roadrunnersclubkorsou.cw\/?s={search_term_string}\"},\"query-input\":{\"@type\":\"PropertyValueSpecification\",\"valueRequired\":true,\"valueName\":\"search_term_string\"}}],\"inLanguage\":\"nl-NL\"},{\"@type\":\"Organization\",\"@id\":\"https:\/\/roadrunnersclubkorsou.cw\/#organization\",\"name\":\"Road Runners Club K\u00f2rsou\",\"url\":\"https:\/\/roadrunnersclubkorsou.cw\/\",\"logo\":{\"@type\":\"ImageObject\",\"inLanguage\":\"nl-NL\",\"@id\":\"https:\/\/roadrunnersclubkorsou.cw\/#\/schema\/logo\/image\/\",\"url\":\"https:\/\/roadrunnersclubkorsou.cw\/wp-content\/uploads\/2024\/11\/Logo-RRCK-4-website-01-01-1-e1738463045169.png\",\"contentUrl\":\"https:\/\/roadrunnersclubkorsou.cw\/wp-content\/uploads\/2024\/11\/Logo-RRCK-4-website-01-01-1-e1738463045169.png\",\"width\":870,\"height\":867,\"caption\":\"Road Runners Club K\u00f2rsou\"},\"image\":{\"@id\":\"https:\/\/roadrunnersclubkorsou.cw\/#\/schema\/logo\/image\/\"}}]}<\/script>\n<!-- \/ Yoast SEO plugin. -->","yoast_head_json":{"title":"Sponsorship Form - Road Runners Club K\u00f2rsou","robots":{"index":"index","follow":"follow","max-snippet":"max-snippet:-1","max-image-preview":"max-image-preview:large","max-video-preview":"max-video-preview:-1"},"canonical":"https:\/\/roadrunnersclubkorsou.cw\/nl\/sponsorship-form\/","og_locale":"nl_NL","og_type":"article","og_title":"Sponsorship Form - Road Runners Club K\u00f2rsou","og_description":"Become a Sponsor Volunteering with Road Runners Club K\u00f2rsou. Partnering with Road Runners Club K\u00f2rsou is a fantastic way to promote your brand while supporting health, fitness, and community involvement. Our sponsors play a crucial role in making our races, events, and programs a success. As a sponsor, you\u2019ll not only gain visibility but also [&hellip;]","og_url":"https:\/\/roadrunnersclubkorsou.cw\/nl\/sponsorship-form\/","og_site_name":"Road Runners Club K\u00f2rsou","article_modified_time":"2025-02-19T16:19:27+00:00","twitter_card":"summary_large_image","twitter_misc":{"Geschatte leestijd":"2 minuten"},"schema":{"@context":"https:\/\/schema.org","@graph":[{"@type":"WebPage","@id":"https:\/\/roadrunnersclubkorsou.cw\/sponsorship-form\/","url":"https:\/\/roadrunnersclubkorsou.cw\/sponsorship-form\/","name":"Sponsorship Form - Road Runners Club K\u00f2rsou","isPartOf":{"@id":"https:\/\/roadrunnersclubkorsou.cw\/#website"},"datePublished":"2025-02-09T12:33:18+00:00","dateModified":"2025-02-19T16:19:27+00:00","breadcrumb":{"@id":"https:\/\/roadrunnersclubkorsou.cw\/sponsorship-form\/#breadcrumb"},"inLanguage":"nl-NL","potentialAction":[{"@type":"ReadAction","target":["https:\/\/roadrunnersclubkorsou.cw\/sponsorship-form\/"]}]},{"@type":"BreadcrumbList","@id":"https:\/\/roadrunnersclubkorsou.cw\/sponsorship-form\/#breadcrumb","itemListElement":[{"@type":"ListItem","position":1,"name":"Home","item":"https:\/\/roadrunnersclubkorsou.cw\/"},{"@type":"ListItem","position":2,"name":"Sponsorship Form"}]},{"@type":"WebSite","@id":"https:\/\/roadrunnersclubkorsou.cw\/#website","url":"https:\/\/roadrunnersclubkorsou.cw\/","name":"Road Runners Club K\u00f2rsou","description":"","publisher":{"@id":"https:\/\/roadrunnersclubkorsou.cw\/#organization"},"potentialAction":[{"@type":"SearchAction","target":{"@type":"EntryPoint","urlTemplate":"https:\/\/roadrunnersclubkorsou.cw\/?s={search_term_string}"},"query-input":{"@type":"PropertyValueSpecification","valueRequired":true,"valueName":"search_term_string"}}],"inLanguage":"nl-NL"},{"@type":"Organization","@id":"https:\/\/roadrunnersclubkorsou.cw\/#organization","name":"Road Runners Club K\u00f2rsou","url":"https:\/\/roadrunnersclubkorsou.cw\/","logo":{"@type":"ImageObject","inLanguage":"nl-NL","@id":"https:\/\/roadrunnersclubkorsou.cw\/#\/schema\/logo\/image\/","url":"https:\/\/roadrunnersclubkorsou.cw\/wp-content\/uploads\/2024\/11\/Logo-RRCK-4-website-01-01-1-e1738463045169.png","contentUrl":"https:\/\/roadrunnersclubkorsou.cw\/wp-content\/uploads\/2024\/11\/Logo-RRCK-4-website-01-01-1-e1738463045169.png","width":870,"height":867,"caption":"Road Runners Club K\u00f2rsou"},"image":{"@id":"https:\/\/roadrunnersclubkorsou.cw\/#\/schema\/logo\/image\/"}}]}},"_links":{"self":[{"href":"https:\/\/roadrunnersclubkorsou.cw\/nl\/wp-json\/wp\/v2\/pages\/2501","targetHints":{"allow":["GET"]}}],"collection":[{"href":"https:\/\/roadrunnersclubkorsou.cw\/nl\/wp-json\/wp\/v2\/pages"}],"about":[{"href":"https:\/\/roadrunnersclubkorsou.cw\/nl\/wp-json\/wp\/v2\/types\/page"}],"author":[{"embeddable":true,"href":"https:\/\/roadrunnersclubkorsou.cw\/nl\/wp-json\/wp\/v2\/users\/2"}],"replies":[{"embeddable":true,"href":"https:\/\/roadrunnersclubkorsou.cw\/nl\/wp-json\/wp\/v2\/comments?post=2501"}],"version-history":[{"count":40,"href":"https:\/\/roadrunnersclubkorsou.cw\/nl\/wp-json\/wp\/v2\/pages\/2501\/revisions"}],"predecessor-version":[{"id":3516,"href":"https:\/\/roadrunnersclubkorsou.cw\/nl\/wp-json\/wp\/v2\/pages\/2501\/revisions\/3516"}],"wp:attachment":[{"href":"https:\/\/roadrunnersclubkorsou.cw\/nl\/wp-json\/wp\/v2\/media?parent=2501"}],"curies":[{"name":"wp","href":"https:\/\/api.w.org\/{rel}","templated":true}]}}